{"id":46,"date":"2017-03-27T01:59:00","date_gmt":"2017-03-27T07:59:00","guid":{"rendered":"http:\/\/planbestudio.com.mx\/horacio\/?page_id=10"},"modified":"2017-03-27T01:59:00","modified_gmt":"2017-03-27T07:59:00","slug":"conferencias","status":"publish","type":"page","link":"http:\/\/horaciourbano.com\/home\/conferencias\/","title":{"rendered":"CONFERENCIAS"},"content":{"rendered":"<h4>Horacio Urbano es activo conferencista&#8230;<\/h4>\n<p>Ha presentado en su visi\u00f3n en diferentes foros en M\u00e9xico y el extranjero, hablando siempre sobre el sector inmobiliario, arquitectura y desarrollo urbano; y siempre tambi\u00e9n con el fin de ayudar a profesionalizar la industria y de promover a M\u00e9xico en el extranjero.<\/p>\n<p>Con el respaldo de Centro Urbano y la red de alianzas de este <em>Think Tank,<\/em> ha organizado lo mismo foros de gran impacto para promover inversiones, que eventos encaminados a concentrar y compartir conocimiento, buscando elevar la capacitaci\u00f3n y pr\u00e1cticas que definen al sector inmobiliario y su vinculaci\u00f3n con la ciudad.<\/p>\n<p>El cat\u00e1logo de servicios en este rubro contempla conferencias, talleres y cursos, desarrollando, seg\u00fan sea el foro, temas que respondan al inter\u00e9s y necesidades de la audiencia.<\/p>\n","protected":false},"excerpt":{"rendered":"<p>Horacio Urbano es activo conferencista&#8230; Ha presentado en su visi\u00f3n en diferentes foros en M\u00e9xico y el extranjero, hablando siempre sobre el sector inmobiliario, arquitectura y desarrollo urbano; y siempre tambi\u00e9n con el fin de ayudar a profesionalizar la industria y de promover a M\u00e9xico en el extranjero. Con el respaldo de Centro Urbano y &hellip;<\/p>\n","protected":false},"author":1,"featured_media":0,"parent":0,"menu_order":0,"comment_status":"closed","ping_status":"closed","template":"","meta":{"footnotes":""},"class_list":["post-46","page","type-page","status-publish","hentry"],"_links":{"self":[{"href":"http:\/\/horaciourbano.com\/home\/wp-json\/wp\/v2\/pages\/46","targetHints":{"allow":["GET"]}}],"collection":[{"href":"http:\/\/horaciourbano.com\/home\/wp-json\/wp\/v2\/pages"}],"about":[{"href":"http:\/\/horaciourbano.com\/home\/wp-json\/wp\/v2\/types\/page"}],"author":[{"embeddable":true,"href":"http:\/\/horaciourbano.com\/home\/wp-json\/wp\/v2\/users\/1"}],"replies":[{"embeddable":true,"href":"http:\/\/horaciourbano.com\/home\/wp-json\/wp\/v2\/comments?post=46"}],"version-history":[{"count":0,"href":"http:\/\/horaciourbano.com\/home\/wp-json\/wp\/v2\/pages\/46\/revisions"}],"wp:attachment":[{"href":"http:\/\/horaciourbano.com\/home\/wp-json\/wp\/v2\/media?parent=46"}],"curies":[{"name":"wp","href":"https:\/\/api.w.org\/{rel}","templated":true}]}}